{"id":193,"date":"2022-09-01T07:35:07","date_gmt":"2022-09-01T07:35:07","guid":{"rendered":"http:\/\/goldschmiede-lorch.de\/?page_id=193"},"modified":"2022-09-01T08:30:26","modified_gmt":"2022-09-01T08:30:26","slug":"werkstatt","status":"publish","type":"page","link":"http:\/\/goldschmiede-lorch.de\/?page_id=193","title":{"rendered":"Werkstatt"},"content":{"rendered":"\n<div class=\"wp-block-cover alignfull\"><span aria-hidden=\"true\" class=\"wp-block-cover__background has-nv-c-2-background-color has-background-dim-100 has-background-dim\"><\/span><div class=\"wp-block-cover__inner-container is-layout-flow wp-block-cover-is-layout-flow\">\n<div style=\"height:50px\" aria-hidden=\"true\" class=\"wp-block-spacer\"><\/div>\n\n\n\n<div class=\"wp-block-columns is-layout-flex wp-container-core-columns-is-layout-9d6595d7 wp-block-columns-is-layout-flex\">\n<div class=\"wp-block-column is-vertically-aligned-center is-layout-flow wp-block-column-is-layout-flow\" style=\"flex-basis:33.33%\">\n<p>In unser hauseigener Werkstatt geht es kr\u00e4ftig zur Sache! <\/p>\n\n\n\n<p>Neben H\u00e4mmern, Schmelzen,  Formen, L\u00f6ten und noch vielem mehr entstehen hier Ihre pers\u00f6nlichen Schmuckst\u00fccke mit besonders hoher und traditionsreicher Handarbeitsqualit\u00e4t. <\/p>\n\n\n\n<p>Werfen Sie einen kleinen Blick in unsere Werkstatt!<\/p>\n<\/div>\n\n\n\n<div class=\"wp-block-column is-layout-flow wp-block-column-is-layout-flow\" style=\"flex-basis:66.66%\"><div class=\"wp-block-image is-style-rounded\">\n<figure class=\"aligncenter size-full is-resized\"><img loading=\"lazy\" decoding=\"async\" src=\"http:\/\/goldschmiede-lorch.de\/wp-content\/uploads\/2020\/04\/lA7BbtJTmO1lDRy\ufffdeYVfw_thumb_2ad8.jpg\" alt=\"\" class=\"wp-image-52\" width=\"642\" height=\"487\" srcset=\"http:\/\/goldschmiede-lorch.de\/wp-content\/uploads\/2020\/04\/lA7BbtJTmO1lDRy\ufffdeYVfw_thumb_2ad8.jpg 1024w, http:\/\/goldschmiede-lorch.de\/wp-content\/uploads\/2020\/04\/lA7BbtJTmO1lDRy\ufffdeYVfw_thumb_2ad8-300x227.jpg 300w, http:\/\/goldschmiede-lorch.de\/wp-content\/uploads\/2020\/04\/lA7BbtJTmO1lDRy\ufffdeYVfw_thumb_2ad8-768x581.jpg 768w\" sizes=\"auto, (max-width: 642px) 100vw, 642px\" \/><\/figure>\n<\/div><\/div>\n<\/div>\n<\/div><\/div>\n\n\n\n<div style=\"height:100px\" aria-hidden=\"true\" class=\"wp-block-spacer\"><\/div>\n\n\n\n<figure class=\"wp-block-gallery has-nested-images columns-default is-cropped wp-block-gallery-1 is-layout-flex wp-block-gallery-is-layout-flex\">\n<figure class=\"wp-block-image size-large is-style-rounded\"><img loading=\"lazy\" decoding=\"async\" width=\"1199\" height=\"1198\" data-id=\"231\" src=\"http:\/\/goldschmiede-lorch.de\/wp-content\/uploads\/2022\/09\/cropped-66Ztu41aTfi4GnHMBLg2nQ_thumb_2ace-edited-1.jpg\" alt=\"\" class=\"wp-image-231\" srcset=\"http:\/\/goldschmiede-lorch.de\/wp-content\/uploads\/2022\/09\/cropped-66Ztu41aTfi4GnHMBLg2nQ_thumb_2ace-edited-1.jpg 1199w, http:\/\/goldschmiede-lorch.de\/wp-content\/uploads\/2022\/09\/cropped-66Ztu41aTfi4GnHMBLg2nQ_thumb_2ace-edited-1-300x300.jpg 300w, http:\/\/goldschmiede-lorch.de\/wp-content\/uploads\/2022\/09\/cropped-66Ztu41aTfi4GnHMBLg2nQ_thumb_2ace-edited-1-1024x1024.jpg 1024w, http:\/\/goldschmiede-lorch.de\/wp-content\/uploads\/2022\/09\/cropped-66Ztu41aTfi4GnHMBLg2nQ_thumb_2ace-edited-1-150x150.jpg 150w, http:\/\/goldschmiede-lorch.de\/wp-content\/uploads\/2022\/09\/cropped-66Ztu41aTfi4GnHMBLg2nQ_thumb_2ace-edited-1-768x767.jpg 768w\" sizes=\"auto, (max-width: 1199px) 100vw, 1199px\" \/><\/figure>\n\n\n\n<figure class=\"wp-block-image size-large is-style-rounded\"><img loading=\"lazy\" decoding=\"async\" width=\"1024\" height=\"456\" data-id=\"224\" src=\"http:\/\/goldschmiede-lorch.de\/wp-content\/uploads\/2022\/09\/cropped-BdSjT30JTMy022PYijrkZA_thumb_2ae4-edited-1-1024x456.jpg\" alt=\"\" class=\"wp-image-224\" srcset=\"http:\/\/goldschmiede-lorch.de\/wp-content\/uploads\/2022\/09\/cropped-BdSjT30JTMy022PYijrkZA_thumb_2ae4-edited-1-1024x456.jpg 1024w, http:\/\/goldschmiede-lorch.de\/wp-content\/uploads\/2022\/09\/cropped-BdSjT30JTMy022PYijrkZA_thumb_2ae4-edited-1-300x134.jpg 300w, http:\/\/goldschmiede-lorch.de\/wp-content\/uploads\/2022\/09\/cropped-BdSjT30JTMy022PYijrkZA_thumb_2ae4-edited-1-768x342.jpg 768w, http:\/\/goldschmiede-lorch.de\/wp-content\/uploads\/2022\/09\/cropped-BdSjT30JTMy022PYijrkZA_thumb_2ae4-edited-1-1536x684.jpg 1536w, http:\/\/goldschmiede-lorch.de\/wp-content\/uploads\/2022\/09\/cropped-BdSjT30JTMy022PYijrkZA_thumb_2ae4-edited-1.jpg 1797w\" sizes=\"auto, (max-width: 1024px) 100vw, 1024px\" \/><\/figure>\n\n\n\n<figure class=\"wp-block-image size-medium is-style-rounded\"><img loading=\"lazy\" decoding=\"async\" width=\"300\" height=\"222\" data-id=\"225\" src=\"http:\/\/goldschmiede-lorch.de\/wp-content\/uploads\/2022\/09\/AT6q\ufffd32qReubFfyX\ufffdlPmg_thumb_2ade-edited-300x222.jpg\" alt=\"\" class=\"wp-image-225\" srcset=\"http:\/\/goldschmiede-lorch.de\/wp-content\/uploads\/2022\/09\/AT6q\ufffd32qReubFfyX\ufffdlPmg_thumb_2ade-edited-300x222.jpg 300w, http:\/\/goldschmiede-lorch.de\/wp-content\/uploads\/2022\/09\/AT6q\ufffd32qReubFfyX\ufffdlPmg_thumb_2ade-edited-768x569.jpg 768w, http:\/\/goldschmiede-lorch.de\/wp-content\/uploads\/2022\/09\/AT6q\ufffd32qReubFfyX\ufffdlPmg_thumb_2ade-edited.jpg 977w\" sizes=\"auto, (max-width: 300px) 100vw, 300px\" \/><\/figure>\n\n\n\n<figure class=\"wp-block-image size-medium is-style-rounded\"><img loading=\"lazy\" decoding=\"async\" width=\"300\" height=\"300\" data-id=\"228\" src=\"http:\/\/goldschmiede-lorch.de\/wp-content\/uploads\/2022\/09\/MicrosoftTeams-image-43-edited-300x300.jpg\" alt=\"\" class=\"wp-image-228\" srcset=\"http:\/\/goldschmiede-lorch.de\/wp-content\/uploads\/2022\/09\/MicrosoftTeams-image-43-edited-300x300.jpg 300w, http:\/\/goldschmiede-lorch.de\/wp-content\/uploads\/2022\/09\/MicrosoftTeams-image-43-edited-150x150.jpg 150w, http:\/\/goldschmiede-lorch.de\/wp-content\/uploads\/2022\/09\/MicrosoftTeams-image-43-edited.jpg 497w\" sizes=\"auto, (max-width: 300px) 100vw, 300px\" \/><\/figure>\n\n\n\n<figure class=\"wp-block-image size-large is-style-rounded\"><img loading=\"lazy\" decoding=\"async\" width=\"1085\" height=\"351\" data-id=\"226\" src=\"http:\/\/goldschmiede-lorch.de\/wp-content\/uploads\/2022\/09\/qbW2RfZsRzuxgg1w9s8gAQ_thumb_2ad4-edited.jpg\" alt=\"\" class=\"wp-image-226\" srcset=\"http:\/\/goldschmiede-lorch.de\/wp-content\/uploads\/2022\/09\/qbW2RfZsRzuxgg1w9s8gAQ_thumb_2ad4-edited.jpg 1085w, http:\/\/goldschmiede-lorch.de\/wp-content\/uploads\/2022\/09\/qbW2RfZsRzuxgg1w9s8gAQ_thumb_2ad4-edited-300x97.jpg 300w, http:\/\/goldschmiede-lorch.de\/wp-content\/uploads\/2022\/09\/qbW2RfZsRzuxgg1w9s8gAQ_thumb_2ad4-edited-1024x331.jpg 1024w, http:\/\/goldschmiede-lorch.de\/wp-content\/uploads\/2022\/09\/qbW2RfZsRzuxgg1w9s8gAQ_thumb_2ad4-edited-768x248.jpg 768w\" sizes=\"auto, (max-width: 1085px) 100vw, 1085px\" \/><\/figure>\n\n\n\n<figure class=\"wp-block-image size-large is-style-rounded\"><img loading=\"lazy\" decoding=\"async\" width=\"767\" height=\"497\" data-id=\"227\" src=\"http:\/\/goldschmiede-lorch.de\/wp-content\/uploads\/2022\/09\/MicrosoftTeams-image-48-edited.jpg\" alt=\"\" class=\"wp-image-227\" srcset=\"http:\/\/goldschmiede-lorch.de\/wp-content\/uploads\/2022\/09\/MicrosoftTeams-image-48-edited.jpg 767w, http:\/\/goldschmiede-lorch.de\/wp-content\/uploads\/2022\/09\/MicrosoftTeams-image-48-edited-300x194.jpg 300w\" sizes=\"auto, (max-width: 767px) 100vw, 767px\" \/><\/figure>\n<\/figure>\n","protected":false},"excerpt":{"rendered":"","protected":false},"author":1,"featured_media":0,"parent":0,"menu_order":0,"comment_status":"closed","ping_status":"closed","template":"","meta":{"neve_meta_sidebar":"","neve_meta_container":"","neve_meta_enable_content_width":"","neve_meta_content_width":0,"neve_meta_title_alignment":"","neve_meta_author_avatar":"","neve_post_elements_order":"","neve_meta_disable_header":"","neve_meta_disable_footer":"","neve_meta_disable_title":"","_ti_tpc_template_sync":false,"_ti_tpc_template_id":"","footnotes":""},"class_list":["post-193","page","type-page","status-publish","hentry"],"_links":{"self":[{"href":"http:\/\/goldschmiede-lorch.de\/index.php?rest_route=\/wp\/v2\/pages\/193","targetHints":{"allow":["GET"]}}],"collection":[{"href":"http:\/\/goldschmiede-lorch.de\/index.php?rest_route=\/wp\/v2\/pages"}],"about":[{"href":"http:\/\/goldschmiede-lorch.de\/index.php?rest_route=\/wp\/v2\/types\/page"}],"author":[{"embeddable":true,"href":"http:\/\/goldschmiede-lorch.de\/index.php?rest_route=\/wp\/v2\/users\/1"}],"replies":[{"embeddable":true,"href":"http:\/\/goldschmiede-lorch.de\/index.php?rest_route=%2Fwp%2Fv2%2Fcomments&post=193"}],"version-history":[{"count":4,"href":"http:\/\/goldschmiede-lorch.de\/index.php?rest_route=\/wp\/v2\/pages\/193\/revisions"}],"predecessor-version":[{"id":234,"href":"http:\/\/goldschmiede-lorch.de\/index.php?rest_route=\/wp\/v2\/pages\/193\/revisions\/234"}],"wp:attachment":[{"href":"http:\/\/goldschmiede-lorch.de\/index.php?rest_route=%2Fwp%2Fv2%2Fmedia&parent=193"}],"curies":[{"name":"wp","href":"https:\/\/api.w.org\/{rel}","templated":true}]}}