{"id":119,"date":"2022-08-31T15:07:37","date_gmt":"2022-08-31T15:07:37","guid":{"rendered":"http:\/\/goldschmiede-lorch.de\/?page_id=119"},"modified":"2022-09-01T07:48:05","modified_gmt":"2022-09-01T07:48:05","slug":"portfolio","status":"publish","type":"page","link":"http:\/\/goldschmiede-lorch.de\/?page_id=119","title":{"rendered":"Individueller Schmuck"},"content":{"rendered":"\n<div class=\"wp-block-cover alignfull\"><span aria-hidden=\"true\" class=\"wp-block-cover__background has-nv-c-2-background-color has-background-dim-100 has-background-dim\"><\/span><div class=\"wp-block-cover__inner-container is-layout-flow wp-block-cover-is-layout-flow\">\n<div style=\"height:50px\" aria-hidden=\"true\" class=\"wp-block-spacer\"><\/div>\n\n\n\n<div class=\"wp-block-columns is-layout-flex wp-container-core-columns-is-layout-9d6595d7 wp-block-columns-is-layout-flex\">\n<div class=\"wp-block-column is-vertically-aligned-center is-layout-flow wp-block-column-is-layout-flow\">\n<p>Sie sind auf der Suche nach einem besonderen und einzigartigem Schmuckst\u00fcck? Dann sind Sie bei uns richtig! <\/p>\n\n\n\n<p>Aus dem Dialog mit Ihnen kreieren wir aus Ihren Ihren Ideen ein individuelles Schmuckst\u00fcck. Ob eine personalisierte Gravur, Fingerabdr\u00fccke oder sogar Pfotenabdr\u00fccke &#8211; bei uns ist alles m\u00f6glich! <\/p>\n\n\n\n<p>Wir bitten Sie f\u00fcr die Besprechung Ihres Traumschmuckst\u00fcck zuvor einen Termin telefonisch zu vereinbaren. <br><\/p>\n\n\n\n<p>Neben der individuellen Anfertigung von Schmuck bieten wir Ihnen in unserem Laden auch ausgew\u00e4hlte Teile, zum Beispiel Schmuck und Uhren der Firma Boccia Titanium und hochwertigen Silberschmuck der Firma Tezer, an. <br><\/p>\n\n\n\n<p>F\u00fcr Reparturen von Schmuck, sowie Uhren, stehen wir Ihnen selbstverst\u00e4ndlich auch zur Verf\u00fcgung.<\/p>\n<\/div>\n\n\n\n<div class=\"wp-block-column is-layout-flow wp-block-column-is-layout-flow\"><div class=\"wp-block-image is-style-rounded\">\n<figure class=\"aligncenter size-large is-resized\"><img loading=\"lazy\" decoding=\"async\" src=\"http:\/\/goldschmiede-lorch.de\/wp-content\/uploads\/2022\/09\/F75C8009-548C-4DE9-A1CA-B7D5FA127548-1024x1024.jpeg\" alt=\"\" class=\"wp-image-166\" width=\"500\" height=\"500\" srcset=\"http:\/\/goldschmiede-lorch.de\/wp-content\/uploads\/2022\/09\/F75C8009-548C-4DE9-A1CA-B7D5FA127548-1024x1024.jpeg 1024w, http:\/\/goldschmiede-lorch.de\/wp-content\/uploads\/2022\/09\/F75C8009-548C-4DE9-A1CA-B7D5FA127548-300x300.jpeg 300w, http:\/\/goldschmiede-lorch.de\/wp-content\/uploads\/2022\/09\/F75C8009-548C-4DE9-A1CA-B7D5FA127548-150x150.jpeg 150w, http:\/\/goldschmiede-lorch.de\/wp-content\/uploads\/2022\/09\/F75C8009-548C-4DE9-A1CA-B7D5FA127548-768x768.jpeg 768w, http:\/\/goldschmiede-lorch.de\/wp-content\/uploads\/2022\/09\/F75C8009-548C-4DE9-A1CA-B7D5FA127548-1536x1536.jpeg 1536w, http:\/\/goldschmiede-lorch.de\/wp-content\/uploads\/2022\/09\/F75C8009-548C-4DE9-A1CA-B7D5FA127548-2048x2048.jpeg 2048w\" sizes=\"auto, (max-width: 500px) 100vw, 500px\" \/><\/figure>\n<\/div><\/div>\n<\/div>\n\n\n\n<div style=\"height:50px\" aria-hidden=\"true\" class=\"wp-block-spacer\"><\/div>\n<\/div><\/div>\n\n\n\n<div style=\"height:100px\" aria-hidden=\"true\" class=\"wp-block-spacer\"><\/div>\n\n\n\n<h1 class=\"wp-block-heading\">Inspiration <\/h1>\n\n\n\n<div class=\"wp-block-cover alignfull\"><span aria-hidden=\"true\" class=\"wp-block-cover__background has-neve-link-color-background-color has-background-dim-100 has-background-dim\"><\/span><div class=\"wp-block-cover__inner-container is-layout-flow wp-block-cover-is-layout-flow\">\n<div style=\"height:50px\" aria-hidden=\"true\" class=\"wp-block-spacer\"><\/div>\n\n\n\n<figure class=\"wp-block-gallery has-nested-images columns-default is-cropped wp-block-gallery-1 is-layout-flex wp-block-gallery-is-layout-flex\">\n<figure class=\"wp-block-image size-large is-style-rounded\"><img loading=\"lazy\" decoding=\"async\" width=\"2160\" height=\"2160\" data-id=\"167\" src=\"http:\/\/goldschmiede-lorch.de\/wp-content\/uploads\/2022\/09\/3A625870-712D-4832-90BE-C1A2EC6618C0.jpeg\" alt=\"\" class=\"wp-image-167\" srcset=\"http:\/\/goldschmiede-lorch.de\/wp-content\/uploads\/2022\/09\/3A625870-712D-4832-90BE-C1A2EC6618C0.jpeg 2160w, http:\/\/goldschmiede-lorch.de\/wp-content\/uploads\/2022\/09\/3A625870-712D-4832-90BE-C1A2EC6618C0-300x300.jpeg 300w, http:\/\/goldschmiede-lorch.de\/wp-content\/uploads\/2022\/09\/3A625870-712D-4832-90BE-C1A2EC6618C0-1024x1024.jpeg 1024w, http:\/\/goldschmiede-lorch.de\/wp-content\/uploads\/2022\/09\/3A625870-712D-4832-90BE-C1A2EC6618C0-150x150.jpeg 150w, http:\/\/goldschmiede-lorch.de\/wp-content\/uploads\/2022\/09\/3A625870-712D-4832-90BE-C1A2EC6618C0-768x768.jpeg 768w, http:\/\/goldschmiede-lorch.de\/wp-content\/uploads\/2022\/09\/3A625870-712D-4832-90BE-C1A2EC6618C0-1536x1536.jpeg 1536w, http:\/\/goldschmiede-lorch.de\/wp-content\/uploads\/2022\/09\/3A625870-712D-4832-90BE-C1A2EC6618C0-2048x2048.jpeg 2048w\" sizes=\"auto, (max-width: 2160px) 100vw, 2160px\" \/><\/figure>\n\n\n\n<figure class=\"wp-block-image size-large is-style-rounded\"><img loading=\"lazy\" decoding=\"async\" width=\"2160\" height=\"2160\" data-id=\"168\" src=\"http:\/\/goldschmiede-lorch.de\/wp-content\/uploads\/2022\/09\/27305262-3D21-4F1C-B9E6-66298CCCF2E5.jpeg\" alt=\"\" class=\"wp-image-168\" srcset=\"http:\/\/goldschmiede-lorch.de\/wp-content\/uploads\/2022\/09\/27305262-3D21-4F1C-B9E6-66298CCCF2E5.jpeg 2160w, http:\/\/goldschmiede-lorch.de\/wp-content\/uploads\/2022\/09\/27305262-3D21-4F1C-B9E6-66298CCCF2E5-300x300.jpeg 300w, http:\/\/goldschmiede-lorch.de\/wp-content\/uploads\/2022\/09\/27305262-3D21-4F1C-B9E6-66298CCCF2E5-1024x1024.jpeg 1024w, http:\/\/goldschmiede-lorch.de\/wp-content\/uploads\/2022\/09\/27305262-3D21-4F1C-B9E6-66298CCCF2E5-150x150.jpeg 150w, http:\/\/goldschmiede-lorch.de\/wp-content\/uploads\/2022\/09\/27305262-3D21-4F1C-B9E6-66298CCCF2E5-768x768.jpeg 768w, http:\/\/goldschmiede-lorch.de\/wp-content\/uploads\/2022\/09\/27305262-3D21-4F1C-B9E6-66298CCCF2E5-1536x1536.jpeg 1536w, http:\/\/goldschmiede-lorch.de\/wp-content\/uploads\/2022\/09\/27305262-3D21-4F1C-B9E6-66298CCCF2E5-2048x2048.jpeg 2048w\" sizes=\"auto, (max-width: 2160px) 100vw, 2160px\" \/><\/figure>\n\n\n\n<figure class=\"wp-block-image size-large is-style-rounded\"><img loading=\"lazy\" decoding=\"async\" width=\"2160\" height=\"2160\" data-id=\"169\" src=\"http:\/\/goldschmiede-lorch.de\/wp-content\/uploads\/2022\/09\/3D6716C2-B3A0-4F82-9F8F-EEB8D2374D9A.jpeg\" alt=\"\" class=\"wp-image-169\" srcset=\"http:\/\/goldschmiede-lorch.de\/wp-content\/uploads\/2022\/09\/3D6716C2-B3A0-4F82-9F8F-EEB8D2374D9A.jpeg 2160w, http:\/\/goldschmiede-lorch.de\/wp-content\/uploads\/2022\/09\/3D6716C2-B3A0-4F82-9F8F-EEB8D2374D9A-300x300.jpeg 300w, http:\/\/goldschmiede-lorch.de\/wp-content\/uploads\/2022\/09\/3D6716C2-B3A0-4F82-9F8F-EEB8D2374D9A-1024x1024.jpeg 1024w, http:\/\/goldschmiede-lorch.de\/wp-content\/uploads\/2022\/09\/3D6716C2-B3A0-4F82-9F8F-EEB8D2374D9A-150x150.jpeg 150w, http:\/\/goldschmiede-lorch.de\/wp-content\/uploads\/2022\/09\/3D6716C2-B3A0-4F82-9F8F-EEB8D2374D9A-768x768.jpeg 768w, http:\/\/goldschmiede-lorch.de\/wp-content\/uploads\/2022\/09\/3D6716C2-B3A0-4F82-9F8F-EEB8D2374D9A-1536x1536.jpeg 1536w, http:\/\/goldschmiede-lorch.de\/wp-content\/uploads\/2022\/09\/3D6716C2-B3A0-4F82-9F8F-EEB8D2374D9A-2048x2048.jpeg 2048w\" sizes=\"auto, (max-width: 2160px) 100vw, 2160px\" \/><\/figure>\n\n\n\n<figure class=\"wp-block-image size-large is-style-rounded\"><img loading=\"lazy\" decoding=\"async\" width=\"2560\" height=\"2560\" data-id=\"170\" src=\"http:\/\/goldschmiede-lorch.de\/wp-content\/uploads\/2022\/09\/85B1BFC6-8F05-4858-9544-7E689CDA8AF9-scaled.jpeg\" alt=\"\" class=\"wp-image-170\" srcset=\"http:\/\/goldschmiede-lorch.de\/wp-content\/uploads\/2022\/09\/85B1BFC6-8F05-4858-9544-7E689CDA8AF9-scaled.jpeg 2560w, http:\/\/goldschmiede-lorch.de\/wp-content\/uploads\/2022\/09\/85B1BFC6-8F05-4858-9544-7E689CDA8AF9-300x300.jpeg 300w, http:\/\/goldschmiede-lorch.de\/wp-content\/uploads\/2022\/09\/85B1BFC6-8F05-4858-9544-7E689CDA8AF9-1024x1024.jpeg 1024w, http:\/\/goldschmiede-lorch.de\/wp-content\/uploads\/2022\/09\/85B1BFC6-8F05-4858-9544-7E689CDA8AF9-150x150.jpeg 150w, http:\/\/goldschmiede-lorch.de\/wp-content\/uploads\/2022\/09\/85B1BFC6-8F05-4858-9544-7E689CDA8AF9-768x768.jpeg 768w, http:\/\/goldschmiede-lorch.de\/wp-content\/uploads\/2022\/09\/85B1BFC6-8F05-4858-9544-7E689CDA8AF9-1536x1536.jpeg 1536w, http:\/\/goldschmiede-lorch.de\/wp-content\/uploads\/2022\/09\/85B1BFC6-8F05-4858-9544-7E689CDA8AF9-2048x2048.jpeg 2048w\" sizes=\"auto, (max-width: 2560px) 100vw, 2560px\" \/><\/figure>\n\n\n\n<figure class=\"wp-block-image size-large is-style-rounded\"><img loading=\"lazy\" decoding=\"async\" width=\"612\" height=\"612\" data-id=\"171\" src=\"http:\/\/goldschmiede-lorch.de\/wp-content\/uploads\/2022\/09\/4E5559E3-32F2-47F8-B135-BE07075A2EC8.jpeg\" alt=\"\" class=\"wp-image-171\" srcset=\"http:\/\/goldschmiede-lorch.de\/wp-content\/uploads\/2022\/09\/4E5559E3-32F2-47F8-B135-BE07075A2EC8.jpeg 612w, http:\/\/goldschmiede-lorch.de\/wp-content\/uploads\/2022\/09\/4E5559E3-32F2-47F8-B135-BE07075A2EC8-300x300.jpeg 300w, http:\/\/goldschmiede-lorch.de\/wp-content\/uploads\/2022\/09\/4E5559E3-32F2-47F8-B135-BE07075A2EC8-150x150.jpeg 150w\" sizes=\"auto, (max-width: 612px) 100vw, 612px\" \/><\/figure>\n\n\n\n<figure class=\"wp-block-image size-large is-style-rounded\"><img loading=\"lazy\" decoding=\"async\" width=\"2560\" height=\"2560\" data-id=\"128\" src=\"http:\/\/goldschmiede-lorch.de\/wp-content\/uploads\/2022\/08\/BD01C924-DA34-4796-9CF1-5B51429A9B32-scaled.jpeg\" alt=\"\" class=\"wp-image-128\" srcset=\"http:\/\/goldschmiede-lorch.de\/wp-content\/uploads\/2022\/08\/BD01C924-DA34-4796-9CF1-5B51429A9B32-scaled.jpeg 2560w, http:\/\/goldschmiede-lorch.de\/wp-content\/uploads\/2022\/08\/BD01C924-DA34-4796-9CF1-5B51429A9B32-300x300.jpeg 300w, http:\/\/goldschmiede-lorch.de\/wp-content\/uploads\/2022\/08\/BD01C924-DA34-4796-9CF1-5B51429A9B32-1024x1024.jpeg 1024w, http:\/\/goldschmiede-lorch.de\/wp-content\/uploads\/2022\/08\/BD01C924-DA34-4796-9CF1-5B51429A9B32-150x150.jpeg 150w, http:\/\/goldschmiede-lorch.de\/wp-content\/uploads\/2022\/08\/BD01C924-DA34-4796-9CF1-5B51429A9B32-768x768.jpeg 768w, http:\/\/goldschmiede-lorch.de\/wp-content\/uploads\/2022\/08\/BD01C924-DA34-4796-9CF1-5B51429A9B32-1536x1536.jpeg 1536w, http:\/\/goldschmiede-lorch.de\/wp-content\/uploads\/2022\/08\/BD01C924-DA34-4796-9CF1-5B51429A9B32-2048x2048.jpeg 2048w\" sizes=\"auto, (max-width: 2560px) 100vw, 2560px\" \/><\/figure>\n<\/figure>\n\n\n\n<div style=\"height:50px\" aria-hidden=\"true\" class=\"wp-block-spacer\"><\/div>\n<\/div><\/div>\n","protected":false},"excerpt":{"rendered":"<p>Inspiration<\/p>\n","protected":false},"author":1,"featured_media":0,"parent":0,"menu_order":0,"comment_status":"closed","ping_status":"closed","template":"","meta":{"neve_meta_sidebar":"","neve_meta_container":"","neve_meta_enable_content_width":"","neve_meta_content_width":0,"neve_meta_title_alignment":"","neve_meta_author_avatar":"","neve_post_elements_order":"","neve_meta_disable_header":"","neve_meta_disable_footer":"","neve_meta_disable_title":"","_ti_tpc_template_sync":false,"_ti_tpc_template_id":"","footnotes":""},"class_list":["post-119","page","type-page","status-publish","hentry"],"_links":{"self":[{"href":"http:\/\/goldschmiede-lorch.de\/index.php?rest_route=\/wp\/v2\/pages\/119","targetHints":{"allow":["GET"]}}],"collection":[{"href":"http:\/\/goldschmiede-lorch.de\/index.php?rest_route=\/wp\/v2\/pages"}],"about":[{"href":"http:\/\/goldschmiede-lorch.de\/index.php?rest_route=\/wp\/v2\/types\/page"}],"author":[{"embeddable":true,"href":"http:\/\/goldschmiede-lorch.de\/index.php?rest_route=\/wp\/v2\/users\/1"}],"replies":[{"embeddable":true,"href":"http:\/\/goldschmiede-lorch.de\/index.php?rest_route=%2Fwp%2Fv2%2Fcomments&post=119"}],"version-history":[{"count":6,"href":"http:\/\/goldschmiede-lorch.de\/index.php?rest_route=\/wp\/v2\/pages\/119\/revisions"}],"predecessor-version":[{"id":211,"href":"http:\/\/goldschmiede-lorch.de\/index.php?rest_route=\/wp\/v2\/pages\/119\/revisions\/211"}],"wp:attachment":[{"href":"http:\/\/goldschmiede-lorch.de\/index.php?rest_route=%2Fwp%2Fv2%2Fmedia&parent=119"}],"curies":[{"name":"wp","href":"https:\/\/api.w.org\/{rel}","templated":true}]}}